{"id":1564,"date":"2020-11-23T09:47:41","date_gmt":"2020-11-23T07:47:41","guid":{"rendered":"http:\/\/www.heimatverein-vlotho.de\/?page_id=1564"},"modified":"2020-11-26T14:50:57","modified_gmt":"2020-11-26T12:50:57","slug":"jahresrueckblick-2020","status":"publish","type":"page","link":"http:\/\/www.heimatverein-vlotho.de\/?page_id=1564","title":{"rendered":"Jahresr\u00fcckblick 2020"},"content":{"rendered":"<p>&nbsp;<\/p>\n<h1>R\u00fcckblick des Heimatvereins Vlotho auf das Jahr 2020<\/h1>\n<p><a href=\"http:\/\/www.heimatverein-vlotho.de\/WP\/wp-content\/uploads\/2019\/12\/SLI-01.jpg\"><img loading=\"lazy\" decoding=\"async\" class=\"alignnone wp-image-1250\" src=\"http:\/\/www.heimatverein-vlotho.de\/WP\/wp-content\/uploads\/2019\/12\/SLI-01-1024x897.jpg\" alt=\"\" width=\"519\" height=\"454\" srcset=\"http:\/\/www.heimatverein-vlotho.de\/WP\/wp-content\/uploads\/2019\/12\/SLI-01-1024x897.jpg 1024w, http:\/\/www.heimatverein-vlotho.de\/WP\/wp-content\/uploads\/2019\/12\/SLI-01-300x263.jpg 300w, http:\/\/www.heimatverein-vlotho.de\/WP\/wp-content\/uploads\/2019\/12\/SLI-01-768x673.jpg 768w, http:\/\/www.heimatverein-vlotho.de\/WP\/wp-content\/uploads\/2019\/12\/SLI-01-624x547.jpg 624w, http:\/\/www.heimatverein-vlotho.de\/WP\/wp-content\/uploads\/2019\/12\/SLI-01.jpg 1169w\" sizes=\"auto, (max-width: 519px) 100vw, 519px\" \/><\/a>&nbsp;<\/p>\n<p>Traditionell h\u00e4lt der Heimatverein Vlotho einmal im Jahr w\u00e4hrend des Kl\u00f6n-Nachmittags<br \/>\nim November R\u00fcckschau auf die Veranstaltungen des vergangenen Jahres. In diesem Jahr ist aber wegen der Corona-Pandemie alles anders &#8211; es gab weniger Veranstaltungen und<br \/>\nein Zusammentreffen der etwa 300 Heimatverein-Mitglieder entf\u00e4llt ebenfalls. Daher soll<br \/>\nder R\u00fcckblick auf frohe, gesellige Stunden nun auf diese Weise erfolgen.<\/p>\nngg_shortcode_0_placeholder\n<p>Die 1. Veranstaltung im Jahr 2020 war die traditionelle Winterwanderung. Hier waren<br \/>\ndie Anmeldezahlen so hoch, dass Kurt Kn\u00e4ble die Wanderung gleich zweimal durchf\u00fchrte. Nach einem kurzen Spaziergang durch den Ort Erder fanden sich die Heimatfreunde in der\u201eF\u00e4hre\u201c ein, der Brennerei an der Weser, die von dem Lehrer Gehrke und seiner Ehefrau mit gro\u00dfem Engagement betrieben wird. Edel-Obstbr\u00e4nde und Lik\u00f6re direkt von Kalletaler Streuobstwiesen konnten hier bei einem \u00fcppigen und leckeren Imbiss mit Bioland-Produkten verkostet werden.<\/p>\n<p>Im Februar zeigte der Fotograf des Heimatvereins, Peter B\u00f6ttcher, wundersch\u00f6ne Fotos aus Porto. Porto ist eine K\u00fcstenstadt am Fluss Douro im Nordwesten Portugals, die bekannt ist f\u00fcr ihre pr\u00e4chtigen Br\u00fccken und den hier hergestellten Portwein. Die regelm\u00e4\u00dfigen Diavortr\u00e4ge sind aus dem Programm des Heimatvereins nicht wegzudenken.<\/p>\nngg_shortcode_1_placeholder\n<p style=\"text-align: left;\">Wie jedes Jahr im M\u00e4rz fand die M\u00fcllsammelaktion auf Vlothoer Wanderwegen statt.<br \/>\nEtwa 40 TeilnehmerInnen, ausger\u00fcstet mit M\u00fclls\u00e4cken und Greifern, verteilten sich auf<br \/>\nmehrere Ausgangspunkte, u.a. an der Burg, auf dem Wanderweg Richtung Oberbecksen<br \/>\nund an der Weser. Die Vlothoer B\u00fcrger sind umweltbewusster geworden; die M\u00fcllmenge<br \/>\nwar geringer als in den vergangenen Jahren. Organisiert wurde diese Veranstaltung von Bernd B\u00fcschenfeld. Im Anschluss gab es f\u00fcr alle Beteiligten einen leckeren Imbiss in der Kulturfabrik, f\u00fcr den Barbara B\u00fcschenfeld und UIIa Kohlmeier sorgten.<\/p>\nngg_shortcode_2_placeholder\n<p>Ab M\u00e4rz sollte das Heimatmuseum unter der Regie der Ehepaare Kohlmeier und B\u00fcschenfeld wieder an jedem 1. Sonntag ge\u00f6ffnet werden, doch wegen Corona blieb es bei der \u00d6ffnung am 1. M\u00e4rz. An diesem Tag zeigte der Sch\u00fcler Jeffrey Stein, eines der j\u00fcngsten Mitglieder<br \/>\nim Heimatverein, seine Sammlung von Fundst\u00fccken, Uniformen und weiteren Materialien zum Thema \u201eDer 1. und 2. Weltkrieg in Vlotho\u201c. Erg\u00e4nzt wurde die Ausstellung von eindrucksvollen Privatfotos aus dem Familienalbum von Marlene Ortmann. Thomas Gr\u00e4fe von der<br \/>\nMendel-Grundmann-GeseIIschaft Vlotho erinnerte an das Schicksal der Vlothoer Juden. F\u00fcr das leibliche Wohl war &#8211; wie immer &#8211; auch gesorgt: Barbara B\u00fcschenfeld und Inge Wienecke<br \/>\nbackten etwa 200 Waffeln f\u00fcr die 120 Besucherlnnen.<\/p>\nngg_shortcode_3_placeholder\n<p>Im April drehte der WDR in unserem Heimatmuseum einen Beitrag fur die Reihe<br \/>\n\u201eLokalzeit\u201c. Das Ehepaar Kohlmeier erz\u00e4hlte, wie es fr\u00fcher in Heimarbeit bei<br \/>\nder Zigarrenherstellung geholfen oder Kugelschreiber montiert hat. Das Arbeiten im<br \/>\nHome Office ist also schon ein alter Hut!<\/p>\n<p>Unbemerkt von der \u00d6ffentlichkeit waren Klaus Witte, G\u00fcnther T\u00f6dtmann, Rudolf Zedel und Kurt Kn\u00e4ble auch in diesem Jahr mit der Pflege und Neu-Kennzeichnung der Wanderwege rund um Vlotho besch\u00e4ftigt.<br \/>\nDer Bonstapel erhielt einen Findling zur Markierung der h\u00f6chsten Stelle im Kreis Herford. Vom Heimatverein waren Kurt Kn\u00e4ble und Klaus Witte bei der Einweihung am 27. Juni anwesend. Die Idee stammte von Willi S\u00fcdmersen, der auch vorschlug, ein Gipfelbuch auszulegen. Wegen<br \/>\nder coronabedingten Reiseeinschr\u00e4nkungen haben viele Menschen wieder die heimische Natur erwandert. So haben sich im Zeitraum von 5 Monaten 270 Personengruppen in das Gipfelbuch eingetragen, die zu Fu\u00df oder per Mountainbike den Gipfel bezwungen hatten.<br \/>\n\u201eWahrscheinlich werden die Fichten wegen der Borkenk\u00e4fer bald verschwunden und die Porta wieder sichtbar sein.\u201d \u201eHier fehlt ein Eisstand!\u201d \u201eWir vermissen eine Ruhebank!\u201d \u201eDer Aufenthalt hier oben tut meinen Gedanken gut!\u201d, so lauten einige Eintragungen im Gipfelbuch.<br \/>\nDas Aufstellen von B\u00e4nken hat die Waldbesitzerin leider nicht erlaubt.<\/p>\n<p style=\"text-align: center;\">Die 4-Tagesfahrt<\/p>\n<p>ngg_shortcode_4_placeholderNur etwas beklommen traute sich der Heimatverein, die diesj\u00e4hrige Mehrtagesfahrt im<br \/>\nSeptember nach Aachen, Monschau und Maastricht durchzuf\u00fchren, die dann aber doch<br \/>\nzu einem unvergesslichen, unbeschwerten Erlebnis werden sollte.<\/p>\n<p>Bei herrlichem Sommerwetter genossen die Teilnehmerlnnen der Fahrt die sch\u00f6nen Fassaden der Altstadt von Maastricht mit dem gro\u00dfen \u201eVrijthof\u201d, der durch Andr\u00e9 Rieu bekannt wurde, und konnten die ber\u00fchmte Buchhandlung in der Dominikanerkirche und die wuchtigen<br \/>\nMauern der ehemals so reichen Stadt bewundern. Durch das \u201eFegefeuer\u201d gelangte die Gruppe ins \u201eParadies\u201d. Das k\u00fcnstlerische Glanzstuck der Servaasbasiliek ist das fr\u00fchgotische Bergportal an der Kirchenseite mit Relief-Figuren aus dem 13. Jahrhundert. Heute ist das Portal durch<br \/>\neine Glasfront vor Witterungseinfl\u00fcssen gesch\u00fctzt.<\/p>\n<p>Das Eifelst\u00e4dtchen Monschau als Ort der beschaulichen Fachwerkh\u00e4user bot viele idyllische Winkel. Eine Besonderheit war das Rote Haus. Nat\u00fcrlich haben es die Vlothoer nicht vers\u00e4umt, ein Souvenir aus der ber\u00fchmten Senfm\u00fchle mit ihren hunderten Sorten Senf mit nach Hause zu nehmen.<\/p>\n<p>H\u00f6hepunkt der Reise war sicherlich die alte KaiserstadtAachen mit ihrem geschichtstrachtigen Dorn, der neben hoch verehrten Reliquien den Thron Karls des Gro\u00dfen zeigt.<br \/>\nDer erstaunlich schlichte Thron wurde erbaut aus vier Marmorplatten der Grabeskirche<br \/>\nin Jerusalem. Anschlie\u00dfend besichtigten die Vlothoer noch die Domschatzkammer mit mehr<br \/>\nals 100 wertvollen Kunstwerken aus sp\u00e4tantiker bis gotischer Zeit.<\/p>\n<p>Nat\u00fcrlich durfte auch das riesige Rathaus mit dem Kr\u00f6nungssaal nicht fehlen,<br \/>\ndass aus einer monumentalen Pfalz Karls des Gro\u00dfen entstand.<br \/>\nRomantisch zwischen Felsen im Tal der Inde gelegen, erstreckt sich der Aachener<br \/>\nStadtteil Kornelim\u00fcnster, wo die Vlothoer einen Spaziergang unternahmen. Nicht zu untersch\u00e4tzen war die ausgesprochen leckerer und vielseitige K\u00fcche im Hotel in Valkenburg \/ NL: Und dass es die Aarchener Printen nicht nur in harter Version gibt, wissen die Vlothoer<br \/>\nnach diverses Proben w\u00e4hrend der Stadtf\u00fchrung ebenfalls.<\/p>\n<p>Den Abschluss der diesj\u00e4hrigen Aktivit\u00e4ten des Heimatvereins bildete die Wanderung um Schloss Brake, die von Peter B\u00f6ttcher organisiert wurde. Weil die Teilnehmenden in eigenen PKWs anreisten, konnte die Veranstaltung bei herrlichem Sp\u00e4tsommerwetter auch unter Corona-Bedingungen durchgef\u00fchrt werden. So fand das Kaffeetrinken im Freien statt.<br \/>\nDie Teilnehmer waren dankbar, dass der Heimatverein diese Veranstaltung angeboten hat und sie in froher Runde plaudern konnten.<\/p>\nngg_shortcode_5_placeholder\n<p>Mehrere Dokomentationen rund um das Vlothoer Heimatmuseum wurden 2020 fertiggestellt: Bereits 2019 zeigte das Heimatmuseum eine Ausstellung \u00fcber 8 Akzisest\u00e4dte in Ravensberg.<br \/>\nInge Wienecke hatte den Vlothoer Teil der Ausstellung konzipiert. Dazu erschien im Oktober 2020 eine Sonderver\u00f6ffentlichung unter dem Titel &#8222;Akzisest\u00e4dte im preu\u00dfischen Westfalen&#8220; mit jeweils einem Kapitel \u00fcber die beteiligten Orte. An dem Vlothoer Kapitel wirkte Inge Wienecke mit. Das Buch kann bei Vlotho-Marketing und im Buchhandel erworden werden.<\/p>\n<p>Unter Mitwirkung von Peter Ausl\u00e4nder sowie Udo und Ursel Kohlmeier entstand ein Film von Norbert Kaase \u00fcber alte Handwerkstechniken, die von Zeit zu Zeit live im Heimatmuseum<br \/>\nzu sehen sind: Spinnen, Weben, Korbflechten, Zigarren rollen und das Schuhmacherhandwerk. Au\u00dferdem wurde von denselben Personen ein virtueller Rundgang durch das Heimatmuseum erstellt.<br \/>\nDieser informative Film ist unter dem Titel &#8222;Rundgang durch das Heimatmuseum Vlotho&#8220; auf unserer Homepage, <a href=\"http:\/\/www.heimatverein-vlotho.de\">www.heimatverein-vlotho.de<\/a>, abzurufen.<br \/>\nAb 2021 soll eine Langversion des Filmes zusammen mit Impressionen aus<br \/>\nder Hammerschmiede Gnuse als DVD bzw. USB-Stick im Heimatmuseum zum Kauf angeboten werden.<\/p>\n<p>Des Weiteren wurde eine reich bebilderte Brosch\u00fcre uber das Vlothoer Heimatmuseum unter Federf\u00fchrung von Monika Guist vom Kreisheimatverein zusammengestellt.<br \/>\n16 historische Themenwelten des Heimatmuseums werden pr\u00e4sentiert. Dazu gibt<br \/>\nes interessante Hinter- grundinformationen. Die frischen Farben der zahlreichen Abbildungen<br \/>\nsind ein rezeptfreies Mittel gegen eine Winterdepression! Dieser Museumsf\u00fchrer ist ab sofort f\u00fcr 3 \u20ac bei der Vlotho Marketing, im\u201eRegenwurm\u201c und bei Wein Schmidt erhaltlich.<\/p>\n<p>In Zusammenarbeit mit der Geschichtswerkstatt Exter wurde ein Kalender mit Motiven aus AIt-Vlotho erstellt. Durch die Stadtsanierung in den 70er Jahren sind viele alte H\u00e4user<br \/>\nabgerissen worden. Der Kalender bietet einen nostalgischen R\u00fcckblick auf unser<br \/>\nbeschauliches Weserst\u00e4dtchen. Auf dem Abendmarkt im September hat der HV sein<br \/>\nKalender-Projekt vorgestellt. Die bebilderten Artikel in der Vlothoer Zeitung und die guten Pr\u00e4sentationen in den Verkaufsstellen (Wein Schmidt, Vlotho Marketing und Stadtbucherei) haben bewirkt, dass unser Kalender nahezu ausverkauft ist und nur noch in der Buchhandlung \u201eRegenwurm\u201c erworben werden kann. Herzlichen Dank an alle Kooperationspartner!<\/p>\n<p><a href=\"http:\/\/www.heimatverein-vlotho.de\/WP\/wp-content\/uploads\/2020\/11\/Heimat14.jpg\"><img loading=\"lazy\" decoding=\"async\" class=\"alignnone wp-image-1587\" src=\"http:\/\/www.heimatverein-vlotho.de\/WP\/wp-content\/uploads\/2020\/11\/Heimat14.jpg\" alt=\"\" width=\"312\" height=\"257\" srcset=\"http:\/\/www.heimatverein-vlotho.de\/WP\/wp-content\/uploads\/2020\/11\/Heimat14.jpg 658w, http:\/\/www.heimatverein-vlotho.de\/WP\/wp-content\/uploads\/2020\/11\/Heimat14-300x247.jpg 300w, http:\/\/www.heimatverein-vlotho.de\/WP\/wp-content\/uploads\/2020\/11\/Heimat14-624x514.jpg 624w\" sizes=\"auto, (max-width: 312px) 100vw, 312px\" \/><\/a>&nbsp;&nbsp;&nbsp;&nbsp; <a href=\"http:\/\/www.heimatverein-vlotho.de\/WP\/wp-content\/uploads\/2020\/11\/Heimat15.jpg\"><img loading=\"lazy\" decoding=\"async\" class=\"alignnone wp-image-1588\" src=\"http:\/\/www.heimatverein-vlotho.de\/WP\/wp-content\/uploads\/2020\/11\/Heimat15.jpg\" alt=\"\" width=\"288\" height=\"249\" srcset=\"http:\/\/www.heimatverein-vlotho.de\/WP\/wp-content\/uploads\/2020\/11\/Heimat15.jpg 629w, http:\/\/www.heimatverein-vlotho.de\/WP\/wp-content\/uploads\/2020\/11\/Heimat15-300x259.jpg 300w, http:\/\/www.heimatverein-vlotho.de\/WP\/wp-content\/uploads\/2020\/11\/Heimat15-624x539.jpg 624w\" sizes=\"auto, (max-width: 288px) 100vw, 288px\" \/><\/a><\/p>\n<p>Die Vorbereitungen f\u00fcr die Saison 2021 im Heimatmuseum sind angelaufen. Ab M\u00e4rz soll eine Ausstellung mit venezianischen Puppen dort pr\u00e4sentiert werden.<br \/>\nMehr wird noch nicht verraten!<\/p>\n<p>Der Heimatverein bedankt sich bei seinen Mitgliedern f\u00fcr die Treue und das Verst\u00e4ndnis<br \/>\nf\u00fcr die coronabedingten K\u00fcrzungen des Jahresprogramms 2020. Die geplanten Veranstaltungen f\u00fcr das Jahr 2021 werden bald bekannt gegeben, wegen der Corona-Pandemie allerdings<br \/>\nnur vorbehaltlich der Durchf\u00fchrungsm\u00f6glichkeit. Einen Flyer mit dem Jahresprogramm wie in den vergangenen Jahren wird es f\u00fcr 2021 nicht geben.<\/p>\n<p>Auf ein gesundes Wiedersehen im M\u00e4rz 2021 im Museum freut sich der Vorstand des Heimat- vereins. Kommen Sie gut durch die Adventszeit!<\/p>\n<p>&nbsp;<\/p>\n<p>&nbsp;<\/p>\n","protected":false},"excerpt":{"rendered":"<p>&nbsp; R\u00fcckblick des Heimatvereins Vlotho auf das Jahr 2020 &nbsp; Traditionell h\u00e4lt der Heimatverein Vlotho einmal im Jahr w\u00e4hrend des Kl\u00f6n-Nachmittags im November R\u00fcckschau auf die Veranstaltungen des vergangenen Jahres. [&hellip;]<\/p>\n","protected":false},"author":1,"featured_media":0,"parent":0,"menu_order":0,"comment_status":"closed","ping_status":"closed","template":"","meta":{"ngg_post_thumbnail":0,"footnotes":""},"class_list":["post-1564","page","type-page","status-publish","hentry"],"_links":{"self":[{"href":"http:\/\/www.heimatverein-vlotho.de\/index.php?rest_route=\/wp\/v2\/pages\/1564","targetHints":{"allow":["GET"]}}],"collection":[{"href":"http:\/\/www.heimatverein-vlotho.de\/index.php?rest_route=\/wp\/v2\/pages"}],"about":[{"href":"http:\/\/www.heimatverein-vlotho.de\/index.php?rest_route=\/wp\/v2\/types\/page"}],"author":[{"embeddable":true,"href":"http:\/\/www.heimatverein-vlotho.de\/index.php?rest_route=\/wp\/v2\/users\/1"}],"replies":[{"embeddable":true,"href":"http:\/\/www.heimatverein-vlotho.de\/index.php?rest_route=%2Fwp%2Fv2%2Fcomments&post=1564"}],"version-history":[{"count":34,"href":"http:\/\/www.heimatverein-vlotho.de\/index.php?rest_route=\/wp\/v2\/pages\/1564\/revisions"}],"predecessor-version":[{"id":1664,"href":"http:\/\/www.heimatverein-vlotho.de\/index.php?rest_route=\/wp\/v2\/pages\/1564\/revisions\/1664"}],"wp:attachment":[{"href":"http:\/\/www.heimatverein-vlotho.de\/index.php?rest_route=%2Fwp%2Fv2%2Fmedia&parent=1564"}],"curies":[{"name":"wp","href":"https:\/\/api.w.org\/{rel}","templated":true}]}}