{"id":134,"date":"2015-06-22T20:39:13","date_gmt":"2015-06-22T18:39:13","guid":{"rendered":"http:\/\/www.heimatverein-vlotho.de\/?page_id=134"},"modified":"2015-06-22T20:44:17","modified_gmt":"2015-06-22T18:44:17","slug":"papierfabrik","status":"publish","type":"page","link":"http:\/\/www.heimatverein-vlotho.de\/?page_id=134","title":{"rendered":"Papierfabrik"},"content":{"rendered":"<p><span style=\"font-family: Arial,sans-serif;\"><span style=\"font-size: large;\"><span style=\"text-decoration: underline;\"><b>\u00dcbersicht: Die Geschichte der Papierfabrik Mosheim\/ von Deylen<\/b><\/span><\/span><\/span><\/p>\n<p><span style=\"font-family: Arial,sans-serif;\"><span style=\"font-size: medium;\"><b>1400 \u2013 1500: <\/b><\/span><\/span><span style=\"font-family: Arial,sans-serif;\"><span style=\"font-size: medium;\">Ein Eisenhammer mit der Wasserkraft des Forellenbaches wurde am Bonneberg betrieben. Vermutlich wird damals bereits wie sp\u00e4ter eine Abzweigung des Baches n\u00f6rdlich unter dem Berg entlang und wieder zum Forellenbach zur\u00fcck genutzt.<\/span><\/span><\/p>\n<p><span style=\"font-family: Arial,sans-serif;\"><span style=\"font-size: medium;\"><b>1571 &#8211; 1600:<\/b><\/span><\/span><span style=\"font-family: Arial,sans-serif;\"><span style=\"font-size: medium;\"> Nevelin M\u00f6llenbeck, Konrektor in Lemgo, erbaute die Papierm\u00fchle Vlotho \u2013 Bonneberg und betrieb sie. Die Urkunde vom 6.2.1571 \u00fcber die Erbpacht mit dem Herzog Wilhelm von J\u00fclich, Kleve und Ravensberg befindet sich als Abschrift in den R\u00e4umen des B\u00fcrogeb\u00e4udes der heutigen Firma Lohmeier.<\/span><\/span><\/p>\n<p><span style=\"font-family: Arial,sans-serif;\"><span style=\"font-size: medium;\">Die Papierm\u00fchle verarbeitete Leinenlumpen, die von ca. 30 Lumpensammlern angeliefert wurden. Diese Lumpen wurden eingeweicht und mit H\u00e4mmern, die mithilfe von Wasserr\u00e4dern des abgeleiteten Forellenbaches angetrieben wurden, zu dem \u201eZeug\u201c (Lumpenbrei) verarbeitet. Dieses Zeug wurde sp\u00e4ter auf einzelne rechteckige Messingdrahtgeflechte in der Gr\u00f6\u00dfe des zu schaffenden Papiers gesch\u00f6pft. Hochwertiges Papier erhielt Wasserzeichen. Diese nassen B\u00f6gen wurden dann zum Trocknen ausgelegt.<\/span><\/span><\/p>\n<p><span style=\"font-family: Arial,sans-serif;\"><span style=\"font-size: medium;\"><b>1600 \u2013 1765: Die Papierm\u00fchle im Besitz der Familie Schmid:<\/b><\/span><\/span><\/p>\n<p><span style=\"font-family: Arial,sans-serif;\"><span style=\"font-size: medium;\"><b>1600 &#8211; 1640:<\/b><\/span><\/span><span style=\"font-family: Arial,sans-serif;\"><span style=\"font-size: medium;\"> Curt Schmid, Wasserzeichen CS<\/span><\/span><\/p>\n<p><span style=\"font-family: Arial,sans-serif;\"><span style=\"font-size: medium;\"><b>1640 bis 1679:<\/b><\/span><\/span><span style=\"font-family: Arial,sans-serif;\"><span style=\"font-size: medium;\"> Hermann Schmid, Wasserzeichen HS<\/span><\/span><\/p>\n<p><span style=\"font-family: Arial,sans-serif;\"><span style=\"font-size: medium;\"><b>1679 \u2013 1693:<\/b><\/span><\/span><span style=\"font-family: Arial,sans-serif;\"><span style=\"font-size: medium;\"> Paul Schmid aus Berlebeck (geb. 1646, gest. 1724): PS<\/span><\/span><\/p>\n<p><span style=\"font-family: Arial,sans-serif;\"><span style=\"font-size: medium;\"><b>1693 \u2013 1729:<\/b><\/span><\/span><span style=\"font-family: Arial,sans-serif;\"><span style=\"font-size: medium;\"> Jobst Henrich Schmid: IHS, Sohn von Hermann Schmid (geb. 1664, begraben 30.10.1729 Valdorf)<\/span><\/span><\/p>\n<p><span style=\"font-family: Arial,sans-serif;\"><span style=\"font-size: medium;\"><b>1729 \u2013 1733:<\/b><\/span><\/span><span style=\"font-family: Arial,sans-serif;\"><span style=\"font-size: medium;\"> Johann Christoph Roemer aus Pivitsheide<\/span><\/span><\/p>\n<p><span style=\"font-family: Arial,sans-serif;\"><span style=\"font-size: medium;\"><b>1733 \u2013 1744: <\/b><\/span><\/span><span style=\"font-family: Arial,sans-serif;\"><span style=\"font-size: medium;\">Johann Ludolf Schmid, Sohn von Jobst Henrich, geb. 31.1.1712 in Valdorf, er arbeitete von 1744 \u2013 1750 auf der Papierm\u00fchle seines Schwiegervaters in Egestorf<\/span><\/span><\/p>\n<p><span style=\"font-family: Arial,sans-serif;\"><span style=\"font-size: medium;\"><b>1744 \u2013 1750:<\/b><\/span><\/span><span style=\"font-family: Arial,sans-serif;\"><span style=\"font-size: medium;\"> Jobst Henrich Mundt, begraben 24.4.1759 in Vlotho<\/span><\/span><\/p>\n<p><span style=\"font-family: Arial,sans-serif;\"><span style=\"font-size: medium;\"><b>1750 \u2013 1765 <\/b><\/span><\/span><span style=\"font-family: Arial,sans-serif;\"><span style=\"font-size: medium;\">Johann Ludolf Schmid, Wasserzeichen FR (Fridericus Rex) und SCHMID.<\/span><\/span><\/p>\n<p><span style=\"font-family: Arial,sans-serif;\"><span style=\"font-size: medium;\">Eintragungen im Kirchenbuch belegen, dass die Papierm\u00fchlen-Inhaber zu den Honoratioren der Stadt gez\u00e4hlt wurden. Die Arbeitskr\u00e4fte der Papierm\u00fchle hingegen erhielten nur einen geringen Lohn und mussten bis zum Ende des 19. Jahrhunderts 12 Stunden t\u00e4glich arbeiten, manchmal sogar von 4 Uhr morgens bis 21 Uhr abends.<\/span><\/span><\/p>\n<p><span style=\"font-family: Arial,sans-serif;\"><span style=\"font-size: medium;\"><b>1765 \u2013 1800: Die Papierm\u00fchle im Besitz der Familie M\u00fchlenfeld<\/b><\/span><\/span><\/p>\n<p><span style=\"font-family: Arial,sans-serif;\"><span style=\"font-size: medium;\"><b>1765 \u2013 1782:<\/b><\/span><\/span><span style=\"font-family: Arial,sans-serif;\"><span style=\"font-size: medium;\"> Kauf und Renovierung der M\u00fchle (1. Holl\u00e4nder) durch B\u00fcrgermeister Johann Hinrich M\u00fchlenfeld aus Vlotho, geb. 24.1.1709 in Wehrendorf, gestorben 1782 in Vlotho. Die Inschrift, die er an der M\u00fchle anbringen lie\u00df, kann man heute noch an dem gelben Torbogen des Steinhauses hinter dem Fachwerkhaus der Fa. Lohmeier sehen:<\/span><\/span><\/p>\n<p>\u201e<span style=\"font-family: Arial,sans-serif;\"><span style=\"font-size: medium;\">Gott der Herr ist Sonne und Schild. Johann Hinrich M\u00fchlenfeldt \/ Christina Magdalena Steinb\u00f6mers baueten diese M\u00fchle anno 1765\u201c.<\/span><\/span><\/p>\n<p><span style=\"font-family: Arial,sans-serif;\"><span style=\"font-size: medium;\">Ab etwa 1750 herrschte Lumpenknappheit, weil es inzwischen bereits sehr viele Papierm\u00fchlen in Deutschland gab.<\/span><\/span><\/p>\n<p><span style=\"font-family: Arial,sans-serif;\"><span style=\"font-size: medium;\"><b>1782 \u2013 1800:<\/b><\/span><\/span><span style=\"font-family: Arial,sans-serif;\"><span style=\"font-size: medium;\"> Besitzer: Otto Friedrich M\u00fchlenfeld und Johann Gottlieb M\u00fchlenfeld.<\/span><\/span><\/p>\n<p><span style=\"font-family: Arial,sans-serif;\"><span style=\"font-size: medium;\">Ihre Papiermeister:<\/span><\/span><\/p>\n<p><span style=\"font-family: Arial,sans-serif;\"><span style=\"font-size: medium;\"><b>1765 \u2013 1772:<\/b><\/span><\/span><span style=\"font-family: Arial,sans-serif;\"><span style=\"font-size: medium;\"> Simon Heinrich Thies, geb. 1720 in Vlotho, gest. am 26.2.1783 in Valdorf.<\/span><\/span><\/p>\n<p><span style=\"font-family: Arial,sans-serif;\"><span style=\"font-size: medium;\"><b>1783 \u2013 1800:<\/b><\/span><\/span><span style=\"font-family: Arial,sans-serif;\"><span style=\"font-size: medium;\"> Christian Ludwig Flake geb. 1741 in B\u00fcckeburg, gest. 5.3.1783 in Valdorf; heiratete: 27.1.1771 Charlotte Magdalena Thies und am 21.11.1777 Christine Luise Voigts.<\/span><\/span><\/p>\n<p><span style=\"font-family: Arial,sans-serif;\"><span style=\"font-size: medium;\"><b>1800 \u2013 1902: Die Papierm\u00fchle im Besitz der Familien Hanweg &#8211; Weitenauer<\/b><\/span><\/span><\/p>\n<p><span style=\"font-family: Arial,sans-serif;\"><span style=\"font-size: medium;\"><b>8.2.1800:<\/b><\/span><\/span><span style=\"font-family: Arial,sans-serif;\"><span style=\"font-size: medium;\"> Paul Hanweg kaufte die Papierm\u00fchle von den Gebr\u00fcdern M\u00fchlenfeld f\u00fcr 7.800 Taler. Neubau eines Wohnhauses (das noch heute erhaltene Fachwerkhaus) f\u00fcr seine 10-k\u00f6pfige Familie.<\/span><\/span><\/p>\n<p><span style=\"font-family: Arial,sans-serif;\"><span style=\"font-size: medium;\"><b>1802:<\/b><\/span><\/span><span style=\"font-family: Arial,sans-serif;\"><span style=\"font-size: medium;\"> Paul Hanweg bat den K\u00f6nig \u201eum Beyh\u00fclfe zum nunmehr vollendeten Hausbau\u201c. Nach Pr\u00fcfung durch Gutachter lehnt der preu\u00dfische K\u00f6nig Friedrich Wilhelm IV. dies ab.<\/span><\/span><\/p>\n<p><span style=\"font-family: Arial,sans-serif;\"><span style=\"font-size: medium;\"><b>1804:<\/b><\/span><\/span><span style=\"font-family: Arial,sans-serif;\"><span style=\"font-size: medium;\"> Das h\u00f6lzerne Wehr wird durch ein Unwetter zerst\u00f6rt und sp\u00e4ter durch ein 45 Fu\u00df langes Stauwehr f\u00fcr 1000 Taler ersetzt.<\/span><\/span><\/p>\n<p><span style=\"font-family: Arial,sans-serif;\"><span style=\"font-size: medium;\"><b>1813:<\/b><\/span><\/span><span style=\"font-family: Arial,sans-serif;\"><span style=\"font-size: medium;\"> Neubau einer Kornmahlm\u00fchle<\/span><\/span><\/p>\n<p><span style=\"font-family: Arial,sans-serif;\"><span style=\"font-size: medium;\"><b>1819 \u2013 1840:<\/b><\/span><\/span><span style=\"font-family: Arial,sans-serif;\"><span style=\"font-size: medium;\"> Bernhard Georg Hanweg, geb. 23.2.1797, gest. 9.2.1840 in Valdorf; heiratete 1827 Marie Nanny K\u00f6nig.<\/span><\/span><\/p>\n<p><span style=\"font-family: Arial,sans-serif;\"><span style=\"font-size: medium;\"><b>1841 \u2013 1866:<\/b><\/span><\/span><span style=\"font-family: Arial,sans-serif;\"><span style=\"font-size: medium;\"> Friedrich Wilhelm Weitenauer, geb. 9.6.1808 in der Papierm\u00fchle Kalldorf, gestorben 2.6.1866, heiratete am 3.9.1841 die Witwe Marie Nanny Hanweg, geb. K\u00f6nig.<\/span><\/span><\/p>\n<p><span style=\"font-family: Arial,sans-serif;\"><span style=\"font-size: medium;\"><b>1866 \u2013 1902:<\/b><\/span><\/span><span style=\"font-family: Arial,sans-serif;\"><span style=\"font-size: medium;\"> Wilhelm Heinrich Weitenauer, geb. 14.1.1842 in Valdorf, gestorben 13.12.1906 in Bielefeld. Er schaffte 1870 die 1. Papiermaschine an, ab 1879 durch eine Dampfmaschine angetrieben wurde. 1899 lie\u00df er die alte Papierm\u00fchle abbrechen und eine Papierfabrik bauen, die aber 1902 in Konkurs ging.<\/span><\/span><\/p>\n<p><span style=\"font-family: Arial,sans-serif;\"><span style=\"font-size: medium;\"><b>Wechselnde Besitzer von 1902 bis 1967:<\/b><\/span><\/span><\/p>\n<p><span style=\"font-family: Arial,sans-serif;\"><span style=\"font-size: medium;\"><b>5.9.1902 \u2013 1904:<\/b><\/span><\/span><span style=\"font-family: Arial,sans-serif;\"><span style=\"font-size: medium;\"> In einer Zwangsversteigerung erwarben mehrere Vlothoer (zumeist Gl\u00e4ubiger) die Papierfabrik f\u00fcr 77.000 Mark. Es waren der Schmiedemeister Wilhelm Sander, der Kupferschmiedemeister Karl Th\u00fcngen, der Zimmermeister Wilhelm Krieger und der Kaufmann Samson Heynemann. Sie verkauften separat 22 Morgen Land als Bauland.<\/span><\/span><\/p>\n<p><span style=\"font-family: Arial,sans-serif;\"><span style=\"font-size: medium;\"><b>18.4.1904:<\/b><\/span><\/span><span style=\"font-family: Arial,sans-serif;\"><span style=\"font-size: medium;\"> Kaufmann Balthasar Hebeler aus Bochum erwarb die Papierfabrik (ohne 22 Morgen Land) f\u00fcr 75.000 Mark. Er lie\u00df einen 2. Dampfkessel aufstellen.<\/span><\/span><\/p>\n<p><span style=\"font-family: Arial,sans-serif;\"><span style=\"font-size: medium;\"><b>22.2.1906:<\/b><\/span><\/span><span style=\"font-family: Arial,sans-serif;\"><span style=\"font-size: medium;\"> Die Papierfabrik brannte v\u00f6llig ab, nur das Wohnhaus blieb erhalten.<\/span><\/span><\/p>\n<p><span style=\"font-family: Arial,sans-serif;\"><span style=\"font-size: medium;\"><b>20.6.1906 \u2013 8.10.1938:<\/b><\/span><\/span><span style=\"font-family: Arial,sans-serif;\"><span style=\"font-size: medium;\"> Die Gebr\u00fcder Mosheim kauften f\u00fcr 50.000 Mark die Ruinen der Fabrik und bauten sie vergr\u00f6\u00dfert wieder auf. Mehrere Brandgiebel wurden eingebaut, eine Schlosserei, eine Tischlerei, ein Packraum sowie ein gro\u00dfer Lager- und Laderaum entstanden. Die Arbeiter erhielten einen Waschraum mit Garderobe und einen Aufenthaltsraum mit Tischen und B\u00e4nken in der Tischlerei.<\/span><\/span><\/p>\n<p><span style=\"font-family: Arial,sans-serif;\"><span style=\"font-size: medium;\"><b>1925:<\/b><\/span><\/span><span style=\"font-family: Arial,sans-serif;\"><span style=\"font-size: medium;\"> Eine Lokomobile zum Antrieb des Holl\u00e4nders wurde angeschafft.<\/span><\/span><\/p>\n<p><span style=\"font-family: Arial,sans-serif;\"><span style=\"font-size: medium;\">Die Firma Mosheim verwandte \u00fcberwiegend Altpapier zur Papierherstellung, das durch Pferdefuhrwerke, sp\u00e4ter auch durch die Herforder Kleinbahn, herangeschafft wurde..<\/span><\/span><\/p>\n<p><span style=\"font-family: Arial,sans-serif;\"><span style=\"font-size: medium;\">Ab 1938 versorgte das 1910 gegr\u00fcndete EMR in Kirchlengern 28 Elektromotoren zu insgesamt 60 PS mit Strom. Unter dem NS-Regime wurde der Besitz der Juden am 9.Oktober 1938 arisiert, d.h. er musste unter Wert verkauft werden. Der letzte Besitzer Moses Mosheim (geb. 1861) starb am 25.1.1943 im KZ Theresienstadt.<\/span><\/span><\/p>\n<p><span style=\"font-family: Arial,sans-serif;\"><span style=\"font-size: medium;\"><b>9.10.1938 \u2013 16.2.1967:<\/b><\/span><\/span><span style=\"font-family: Arial,sans-serif;\"><span style=\"font-size: medium;\"> Theodor von Deylen aus Visselh\u00f6vede erwarb die Fabrik und f\u00fchrte sie unter dem Namen \u201eUnionwerk Gesellschaft von Deylen\u201c. Theodor von Deylen (geb. 13.5.1870, gest. 5.1.1962) und sein Sohn und Nachfolger Kurt von Deylen (geb. 25.7.1912, gest. 24.10.1983) vergr\u00f6\u00dferten und modernisierten das Werk erheblich. Nach dem 2. Weltkrieg wurden die Erben der Mosheims in einem Vergleich mit 600.000 DM abgefunden. <\/span><\/span><\/p>\n<p><span style=\"font-family: Arial,sans-serif;\"><span style=\"font-size: medium;\"><b>1951:<\/b><\/span><\/span><span style=\"font-family: Arial,sans-serif;\"><span style=\"font-size: medium;\"> Eine Trafostation wurde gebaut.<\/span><\/span><\/p>\n<p><span style=\"font-family: Arial,sans-serif;\"><span style=\"font-size: medium;\"><b>Dezember 1961:<\/b><\/span><\/span><span style=\"font-family: Arial,sans-serif;\"><span style=\"font-size: medium;\"> Betrieb einer 2. leistungsf\u00e4higeren Papiermaschine<\/span><\/span><\/p>\n<p><span style=\"font-family: Arial,sans-serif;\"><span style=\"font-size: medium;\">Ab M\u00e4rz 1964 war Dr. Sarter als Gesch\u00e4ftsf\u00fchrer bzw. Teilhaber am Unionwerk beteiligt. Er veruntreute 40.000 DM und trug zum Konkurs der Papierfabrik von Deylen am <\/span><\/span><span style=\"font-family: Arial,sans-serif;\"><span style=\"font-size: medium;\"><b>16.2.1967 <\/b><\/span><\/span><span style=\"font-family: Arial,sans-serif;\"><span style=\"font-size: medium;\">bei. Wegen mehrerer Meineide und Konkursverschleppung stand er vor Gericht. Aufgrund seiner schlechten Gesundheit wurde er lediglich zu 10.000 DM Geldstrafe verurteilt.<\/span><\/span><\/p>\n<p><span style=\"font-family: Arial,sans-serif;\"><span style=\"font-size: medium;\"><b>Nach 1967:<\/b><\/span><\/span><span style=\"font-family: Arial,sans-serif;\"><span style=\"font-size: medium;\"> Nach einem l\u00e4ngeren Leerstand waren zeitweise die Firmen St\u00fcbbe, Germania und Arnold in den Geb\u00e4uden untergebracht.<\/span><\/span><\/p>\n<p><span style=\"font-family: Arial,sans-serif;\"><span style=\"font-size: medium;\"><b>Seit 19.11.1985<\/b><\/span><\/span><span style=\"font-family: Arial,sans-serif;\"><span style=\"font-size: medium;\"> baut die Firma Fritz Lohmeier an diesem Ort Schaltschrank\u2013Systeme.<\/span><\/span><\/p>\n<p><span style=\"font-family: Arial,sans-serif;\"><span style=\"font-size: medium;\">Eine detaillierte Darstellung der Geschichte der Papierfabrik mit zahlreichen Fotos, Karten und Skizzen ist im \u00f6rtlichen Buchhandel als Brosch\u00fcre zu erwerben:<\/span><\/span><\/p>\n<p>\u201e<span style=\"font-family: Arial,sans-serif;\"><span style=\"font-size: medium;\"><b>Die Geschichte der Papierfabrik Mosheim\/ von Deylen in Vlotho\u201c von Inge Wienecke, hg. vom Heimatverein Vlotho 2013<\/b><\/span><\/span><\/p>\n","protected":false},"excerpt":{"rendered":"<p>\u00dcbersicht: Die Geschichte der Papierfabrik Mosheim\/ von Deylen 1400 \u2013 1500: Ein Eisenhammer mit der Wasserkraft des Forellenbaches wurde am Bonneberg betrieben. Vermutlich wird damals bereits wie sp\u00e4ter eine Abzweigung [&hellip;]<\/p>\n","protected":false},"author":1,"featured_media":0,"parent":131,"menu_order":0,"comment_status":"closed","ping_status":"open","template":"","meta":{"ngg_post_thumbnail":0,"footnotes":""},"class_list":["post-134","page","type-page","status-publish","hentry"],"_links":{"self":[{"href":"http:\/\/www.heimatverein-vlotho.de\/index.php?rest_route=\/wp\/v2\/pages\/134","targetHints":{"allow":["GET"]}}],"collection":[{"href":"http:\/\/www.heimatverein-vlotho.de\/index.php?rest_route=\/wp\/v2\/pages"}],"about":[{"href":"http:\/\/www.heimatverein-vlotho.de\/index.php?rest_route=\/wp\/v2\/types\/page"}],"author":[{"embeddable":true,"href":"http:\/\/www.heimatverein-vlotho.de\/index.php?rest_route=\/wp\/v2\/users\/1"}],"replies":[{"embeddable":true,"href":"http:\/\/www.heimatverein-vlotho.de\/index.php?rest_route=%2Fwp%2Fv2%2Fcomments&post=134"}],"version-history":[{"count":4,"href":"http:\/\/www.heimatverein-vlotho.de\/index.php?rest_route=\/wp\/v2\/pages\/134\/revisions"}],"predecessor-version":[{"id":139,"href":"http:\/\/www.heimatverein-vlotho.de\/index.php?rest_route=\/wp\/v2\/pages\/134\/revisions\/139"}],"up":[{"embeddable":true,"href":"http:\/\/www.heimatverein-vlotho.de\/index.php?rest_route=\/wp\/v2\/pages\/131"}],"wp:attachment":[{"href":"http:\/\/www.heimatverein-vlotho.de\/index.php?rest_route=%2Fwp%2Fv2%2Fmedia&parent=134"}],"curies":[{"name":"wp","href":"https:\/\/api.w.org\/{rel}","templated":true}]}}